{"id":50,"date":"2021-09-09T20:36:43","date_gmt":"2021-09-09T18:36:43","guid":{"rendered":"http:\/\/sachsenlink.bplaced.net\/?page_id=50"},"modified":"2021-09-09T20:36:43","modified_gmt":"2021-09-09T18:36:43","slug":"sachsenlink-wer-wie-was-warum","status":"publish","type":"page","link":"http:\/\/sachsenlink.bplaced.net\/?page_id=50","title":{"rendered":"\u201eSachsenlink\u201c \u2013 wer, wie, was, warum\u2026"},"content":{"rendered":"\n<p class=\"has-text-align-center\">\u201eSachsenlink\u201c \u2013 wer, wie, was, warum\u2026.<br>Fragen \u00fcber Fragen \u2013 ein Erkl\u00e4rungsversuch<br>Von Thomas (DB6KT)<\/p>\n\n\n\n<p class=\"has-text-align-left\"><br>F\u00fcr den Nutzer\u2026.<br>Der Sachsenlink ist nun seit 2 Jahren in Betrieb und immer noch geistern die unterschiedlichsten Meinungen und Ger\u00fcchte durch den \u00c4ther. Ich m\u00f6chte versuchen dem geneigten Leser einen kleinen \u00dcberblick \u00fcber Funktion und Wirkung geben.<br>Zuerst einmal \u2013 DER Sachsenlink ist kein Einzelner \u2013 vielmehr sind wir eine GRUPPE von Sysop und vielen Helferlein die ein gemeinsames Ziel haben: Jeder Funkamateur in SACHSEN kann mit seinem FM-Handfunkger\u00e4t Sachsenweit kommunizieren &#8211; auf einem 70cm-Relais in guter Qualit\u00e4t und mit umfangreichen weiteren Services (diese aber in Abh\u00e4ngigkeit der einzelnen Relais). Die \u00dcbertragung und der Empfang des Rundspruches des Distriktes Sachsen des DARC an jedem 2. Sonntag im Monat auf diesem System ist obligatorisch!<\/p>\n\n\n\n<p>Was kann das einzelne Relais?<br>Nun, das h\u00e4ngt etwas vom Sysop ab und den W\u00fcnschen der OM\u00b4s. K\u00f6nnen tut jedes Relais:<br>\u2022 Echolink-Verbindungen mit Ansagen von Status \/ Stationen (local und im Verbund)<br>\u2022 \u00dcbertragungen in und aus dem Relaisverbund<br>\u2022 Wettermeldungen \/ Unwetterwarnungen des DWD (local)<br>\u2022 Sonderansagen (local)<br>\u2022 Ansage angehobener Ausbreitungsbedingungen (local)<br>\u2022 Metarinformationen eingestellter Flugpl\u00e4tze (local)<br>\u2022 Voicemailbox (local) uvm\u2026<br>Die Sprachpapageifunktion zur Wiedergabe des eigenen eingesprochenen Signales kann leider nicht aktiviert werden \u2013 das w\u00fcrde bei jeder Aktivierung ALLES in den Relaisverbund \u00fcbertragen und DAS will sicherlich keiner! Und dann gibt\u2019s ja noch die Spielmatzen\u2026.<br>Die Bedienung des Relais erfolgt mit DTMF-Signalen \u2013 im Sachsenlink sollten die einzelnen Module wie folgt anzusteuern gehen \u2013 welche aktiv sind h\u00e4ngt vom Sysop ab:<br>0# Hilfe<br>1# Sprachpapagei (Achtung! Im Sachenlink nicht aktiv)<br>2# Echolink<br>3# WeatherInfo<br>4# Propagation<br>5# Metarinfo<br>6# SelCall<br>7# DTMF<br>8# TRX<br>9# nicht belegt<br>10# VoiceMail<br>11# KatWarn<\/p>\n\n\n\n<p>Die einzelnen Relais im Verbund sind permanent verlinkt \u2013 das soll auch so sein um vielen OM\u00b4s die M\u00f6glichkeit zu geben, zuzuh\u00f6ren oder am QSO teilzunehmen! Wenn gew\u00fcnscht kann aber auch eine Trennung vom Verbund mit einem DTMF-Code initialisiert werden \u2013 f\u00fcr lokale Runden, OV-Abende oder auch nur ein lokales QSO.\u00a0 Danach, nach einer bestimmten Zeit der Inaktivit\u00e4t, stellt das Relais automatisch wieder eine Verbindung zum Verbund her.<br>Wo steigst DU denn ein?<br>DAS bewegt immer viele OM\u00b4s! Aber ganz einfach erkenne ich das schon am Rogerbeep des Relais auf dem ICH selbst arbeite: kommt nur ein Quittungston steigt der QSO-Partner auf dem selben Relais ein wie ich. Ert\u00f6nt ein Doppel-beep hat der OM einen anderen Einstiegspunkt \u2013 hier kann man dann Nachfragen oder einfach unter<br>http:\/\/sachsenlink.bplaced.net\/<br>einen Blick auf unser DASHBOARD werfen \u2013 hier sieht man anschaulich welcher Repeater aktiv ist. Weiterhin sind hier Informationen und Verlinkungen zu den einzelnen Relais zu finden!<br>Was n\u00fctzt mir das?<br>Dies soll jeder f\u00fcr sich selbst entscheiden \u2013 WIR stellen nur den Service zur Verf\u00fcgung. Aber die M\u00f6glichkeiten sind schon enorm \u2013 im Gegensatz zu einem Relais mit einer klassischen Ablaufsteuerung. Ein paar Beispiele? Gerne, Echolink:<br>Man trennt das Relais aus dem Verbund und betreibt es local! (klassisch \u2013 nichts Neues \u2013 old school)<br>Jetzt baut man mit DTMF-T\u00f6nen eine Echolink-Verbindung auf \u2013 das geht auch weltweit! Man ben\u00f6tigt nur die sogenannte Echolink-Nummer des Repeaters welchen man verbinden m\u00f6chte. F\u00fcr DL und umliegende Staaten findet man eine gute \u00fcbersichtliche Karte mit vielen Informationen unter: <a rel=\"noreferrer noopener\" href=\"https:\/\/repeatermap.de\/\" target=\"_blank\">https:\/\/repeatermap.de\/<\/a><br>Nun sind 2 Relais tempor\u00e4r miteinander gekoppelt.<br>L\u00e4\u00dft man den Verbund aktiv und stellt eine Echolinkverbindung zu einem Repeater her wird das folgende QSO auf dem verbundenen Relais UND dem gesamten Sachsenlink \u00fcbertragen.<br>Und auch die Verbindung zwischen 2 oder auch mehreren Relaisverbunden sind m\u00f6glich! So k\u00f6nnte man den aktiven Sachsenlink mit einem aktiven Relais im Th\u00fcringenlink per Echolink verbinden und das QSO wird auf allen Relais des Sachsenlink UND des Th\u00fcringenlink \u00fcbertragen. Ach und ja &#8211; wir sind nicht der einzige Relaisverbund.<br>Dies k\u00f6nnte man immer weiter fortsetzen \u2013 \u00fcber die Sinnhaftigkeit l\u00e4\u00dft sich streiten, denn der Koordinierungsaufwand einen geordneten QSO-Betrieb mit dutzenden Relaisfunkstellen im Wechselsprechen w\u00e4re enorm und erfordert einiges an Disziplin von den Nutzern. Aber, es werden viele OM\u00b4s erreicht!<br>Und wer einmal im Urlaub ist und keine Echolink-Anbindung in seiner N\u00e4he hat \u2013 f\u00fcr Smartphones steht eine Echolink-App zur Verf\u00fcgung, mit der man sich aus der Ferne in den Relaisverbund einloggen kann. Ja, ich wei\u00df \u2013 ist nicht wirklich eine HF-Verbindung \u2013 aber man hat eine Verbindung in die Heimat und zumindest hier im Sachsenlink \u00fcber den HF-Strang.<br>Warum geht DAS mit meinem Ger\u00e4t nicht?<br>Meistens liegt es am Alter des Ger\u00e4tes, wenn keine DTMF-Erzeugung m\u00f6glich ist oder als Squelchkriterium ein CTCSS Subaudioton in der Ablaufsteuerung hinterlegt ist. Wir versuchen meist auf dieses Kriterium zu verzichten \u2013 in manchen F\u00e4llen l\u00e4\u00dft sich dieses aber nicht vermeiden. Besonders wenn QRM \/ QRN starken Schwankungen unterliegt, versagt die klassische Squelchsteuerung und wir sind gezwungen, zum Schutz des Verbundes und eines st\u00f6rungsfreien Betriebes, diese St\u00f6rungen durch ein alternatives Squelchkriterium auszusperren. Weiterhin ist auf 70cm im Bereich der Relaisausgabe ein Kanalraster von 12,5khz vorgesehen \u2013 viele \u00e4ltere Ger\u00e4te \u201ek\u00f6nnen\u201c schon 12,5khz Raster, arbeiten aber immer noch mit einer Bandbreite von 25khz. Dies f\u00fchrt sehr schnell zu St\u00f6rungen bei zu dichter Kanalnutzung. Gleichzeitig wird der Empf\u00e4nger des Relais mit dieser Bandbreite \u201e\u00fcberfahren\u201c, meist in Kombination mit zuviel Modulationshub, das klingt gr\u00e4sslich auf der Ausgabe &#8211; bei ALLEN angeschlossenen Relais.<br>Was IHR wollt und k\u00f6nnt\u2026<br>F\u00fcr Anregungen und Tipps sowie Hilfe sind wir nat\u00fcrlich dankbar \u2013 sie sollte aber sachlich und konstruktiv sein. Gerne versuchen wir auch neue Module oder Services einzubinden. Und nat\u00fcrlich suchen wir noch Mitstreiter um den Sachsenlink weiter auszubauen. Erfahrungen zum Betrieb mit alternativen Energiequellen und Notstromversorgung sind ebenfalls willkommen &#8211; wie auch Ideen zum Einsatz der Relais und des Relaisverbundes im Rahmen eines Not- und Katastrophenfall. Und wenn mal was schiefl\u00e4uft \u2013 denkt bitte daran, es ist auch UNSER Hobby und wir tun dies in unserer Freizeit &#8211; mit gro\u00dfen zeitlichen und finanziellen Aufwand.<br>F\u00fcr den Sysop\u2026<br>Warum svxlink \u2013 warum pihat svxlink Platine\u2026.<br>Die Software svxlink arbeitet auf Linux-Basis, ist OpenSource und wird st\u00e4ndig weiterentwickelt (Adi \u2013 DL1HRC aus der N\u00e4he von Halle ist hier sehr aktiv). Die gesamte Signalaufbereitung erfolgt softwareseitig und ist komplett im svxlink implementiert. Sie ist resourcenschonend und stromsparend \u2013 ein Raspberry Pi oder \u00e4hnliches ist v\u00f6llig ausreichend &#8211; die Anschaffungskosten dabei gering. Die M\u00f6glichkeiten von svxlink sind fast unendlich. Man sollte etwas LINUX-affin sein, das Arbeiten in der Konsole m\u00f6gen und sich ein wenig mit Netzwerken auskennen. Der Reflector, der f\u00fcr den Betrieb des Sachsenlink n\u00f6tig ist, wird von uns selbst betrieben und gepflegt \u2013 kostenneutral. Am Anfang unseres Sachsenlink wurde der Reflector direkt auf dem raspi bei DM0RLB betrieben \u2013 dies hat sich nicht bew\u00e4hrt, bei Ausfall des Relais und\/oder des Netzwerkes ist der gesamte Sachsenlink zusammengebrochen. Jetzt l\u00e4uft dieser Service im www \u2013 eine Implementierung ins HAMnet mit selben Funktionsumfang ist denkbar, hierzu gibt es schon einige Ideen.<br>Leider sind f\u00fcr den Betrieb eines svx-Relais im Verbund ein paar Stolpersteine verbaut. Die gr\u00f6\u00dften Probleme erzeugen immer die Bandbreite RX\/TX, die Lautst\u00e4rkepegel der RX\/TX-Signale und der Frequenzgang der Signale. Ich m\u00f6chte hier keine wissenschaftliche Abhandlung dar\u00fcber starten \u2013 das w\u00fcrde zu weit f\u00fchren. Nur soviel: ALLE Lautst\u00e4rkepegel im Verbund M\u00dcSSEN ann\u00e4hernd gleich hoch sein, der Frequenzgang relativ linear, ohne DEEMPHASIS im RX und ohne PREEMPHASIS im TX-Zweig und, und, und\u2026.<br>Das Ziel, dass ALLE Relais im Verbund gleich klingen und gleich laut sind (egal ob \u00fcber HF oder Netzwerk) ist schwierig aber l\u00f6sbar! Dies funktioniert nur \u00fcber ein paar vordefinierte Standards. Und genau hier setzen wir nun an:<br>F\u00fcr die RX und TX haben sich kommerzielle Betriebsfunkger\u00e4te von Tait, Bosch oder Motorola bew\u00e4hrt. Zwar sind auch Ger\u00e4te aus dem Amateurfunkbereich (Handy oder Mobilger\u00e4te) m\u00f6glich \u2013 aber der gemeine Funkamateur ist nun halt gern ein \u201eRecycler\u201c und die kommerziellen Ger\u00e4te besitzen eine geringere Serienstreuung sowie feste Pegelwerte. Und dann z\u00e4hlt ja noch der \u201eRecyclingpreis\u201c\u2026<br>Und: ein ausgewogenes Verh\u00e4ltnis zwischen RX und TX muss das Ziel sein, getreu dem Motto:<br>\u201eMein\u201c Relais hat gro\u00dfe \u201eOhren\u201c und ein kleines \u201eMaul\u201c \u2013 das hei\u00dft, es nimmt viel besser schwache Signale auf und wird aber dort schon fast nicht mehr geh\u00f6rt!<br>Mit USB-Soundkarten haben einige Sysop schlechte Erfahrungen gemacht \u2013 hier musste was Anderes her. Kurze Recherche im Netz ergab bereits einen guten Startpunkt mit einer PiHat-Platine von Florian (DF2ET \u2013 Danke f\u00fcr die \u00dcbersendung der Projektdaten). Kurzerhand wurde dieses Projekt von Thomas (DJ9ZZZ) mit Hilfe von Uwe (DL1JAE) um einige M\u00f6glichkeiten erweitert sowie verbessert. In der aktuellen Ausf\u00fchrung sind nun eine aktive CPU K\u00fchlung f\u00fcr den Raspi, 2 schaltbare Relais \u00fcber GPIO, 1x one-wire-Ausgang, 6 direkte GPIO-Ausg\u00e4nge und alle Ausg\u00e4nge f\u00fcr die RX\/TX Steuerung in SMA-Ausf\u00fchrung verbaut.<br>Vorteile:<br>\u2022 Alle Relais sind gleich in Aufbau und Steuerung<br>\u2022 Einfacher Aufbau<br>\u2022 Komponententausch ist m\u00f6glich<br>\u2022 Einheitliche Hardware in der Soundverarbeitung<br>\u2022 Softwaregleichheit f\u00fcr m\u00f6gliche Fernwartung durch Ersatz-Sysop<br>Mit einem vorgefertigten Image \/ SD-Karte ist nach repeaterspezifischer Anpassung der svxlink.conf das Relais sofort betriebsbereit \u2013 die Pegel sind grundeingestellt UND dieses Image ist f\u00fcr alle verf\u00fcgbar!<br>Den Start eines Projektes f\u00fcr den Aufbau eines Relais f\u00fcr den Sachsenlink sollte nun nicts mehr im Wege stehen!<\/p>\n\n\n\n<p><br>Wenn ihr weitere Hilfe beim Relaisbau, zur Einrichtung der Software oder Fragen zum Standort habt, wendet euch bitte an:<br>DO8GT@online.de<br>DM8WP@darc.de<br>DG0ERS@darc.de<br>DB6KT@darc.de<\/p>\n\n\n\n<p class=\"has-text-align-center\"><strong>Wir brauchen mehr Relais!<\/strong><\/p>\n","protected":false},"excerpt":{"rendered":"<p>\u201eSachsenlink\u201c \u2013 wer, wie, was, warum\u2026.Fragen \u00fcber Fragen \u2013 ein Erkl\u00e4rungsversuchVon Thomas (DB6KT) F\u00fcr den Nutzer\u2026.Der Sachsenlink ist nun seit 2 Jahren in Betrieb und immer noch geistern die unterschiedlichsten Meinungen und Ger\u00fcchte durch den \u00c4ther. Ich m\u00f6chte versuchen dem&#8230;<\/p>\n","protected":false},"author":1,"featured_media":0,"parent":0,"menu_order":0,"comment_status":"closed","ping_status":"closed","template":"","meta":[],"_links":{"self":[{"href":"http:\/\/sachsenlink.bplaced.net\/index.php?rest_route=\/wp\/v2\/pages\/50"}],"collection":[{"href":"http:\/\/sachsenlink.bplaced.net\/index.php?rest_route=\/wp\/v2\/pages"}],"about":[{"href":"http:\/\/sachsenlink.bplaced.net\/index.php?rest_route=\/wp\/v2\/types\/page"}],"author":[{"embeddable":true,"href":"http:\/\/sachsenlink.bplaced.net\/index.php?rest_route=\/wp\/v2\/users\/1"}],"replies":[{"embeddable":true,"href":"http:\/\/sachsenlink.bplaced.net\/index.php?rest_route=%2Fwp%2Fv2%2Fcomments&post=50"}],"version-history":[{"count":1,"href":"http:\/\/sachsenlink.bplaced.net\/index.php?rest_route=\/wp\/v2\/pages\/50\/revisions"}],"predecessor-version":[{"id":51,"href":"http:\/\/sachsenlink.bplaced.net\/index.php?rest_route=\/wp\/v2\/pages\/50\/revisions\/51"}],"wp:attachment":[{"href":"http:\/\/sachsenlink.bplaced.net\/index.php?rest_route=%2Fwp%2Fv2%2Fmedia&parent=50"}],"curies":[{"name":"wp","href":"https:\/\/api.w.org\/{rel}","templated":true}]}}